{"id":13,"date":"2021-09-05T16:37:27","date_gmt":"2021-09-05T16:37:27","guid":{"rendered":"https:\/\/kits.themecy.com\/memberships-1\/?page_id=13"},"modified":"2026-04-10T12:20:01","modified_gmt":"2026-04-10T10:20:01","slug":"about","status":"publish","type":"page","link":"https:\/\/t4tbeauty.fi\/en\/about\/","title":{"rendered":"About"},"content":{"rendered":"<style>.kb-row-layout-id13_fa6481-2e > .kt-row-column-wrap{align-content:center;}:where(.kb-row-layout-id13_fa6481-2e > .kt-row-column-wrap) > .wp-block-kadence-column{justify-content:center;}.kb-row-layout-id13_fa6481-2e > .kt-row-column-wrap{column-gap:var(--global-kb-gap-md, 2rem);row-gap:var(--global-kb-gap-md, 2rem);max-width:var( --global-content-width, 1290px );padding-left:var(--global-content-edge-padding);padding-right:var(--global-content-edge-padding);padding-top:var(--global-kb-spacing-5xl, 10rem);padding-bottom:var(--global-kb-spacing-3xl, 6.5rem);grid-template-columns:minmax(0, 1fr);}.kb-row-layout-id13_fa6481-2e > .kt-row-layout-overlay{opacity:0.30;}.kb-row-layout-id13_fa6481-2e .kt-row-layout-bottom-sep{height:100px;}.kb-row-layout-id13_fa6481-2e .kt-row-layout-bottom-sep svg{width:100%;}.kb-row-layout-id13_fa6481-2e .kt-row-layout-bottom-sep svg{fill:var(--global-palette9, #ffffff)!important;}@media all and (max-width: 1024px){.kb-row-layout-id13_fa6481-2e > .kt-row-column-wrap{grid-template-columns:minmax(0, 1fr);}}@media all and (max-width: 1024px){.kb-row-layout-id13_fa6481-2e .kt-row-layout-bottom-sep{height:px;}}@media all and (max-width: 1024px){.kb-row-layout-id13_fa6481-2e .kt-row-layout-bottom-sep svg{width:%;}}@media all and (max-width: 767px){.kb-row-layout-id13_fa6481-2e > .kt-row-column-wrap{grid-template-columns:minmax(0, 1fr);}.kb-row-layout-id13_fa6481-2e .kt-row-layout-bottom-sep{height:px;}.kb-row-layout-id13_fa6481-2e .kt-row-layout-bottom-sep svg{width:%;}}.kb-row-layout-id13_fa6481-2e .absolute {  position: absolute;  width: 400px;  top: -200px;  right: -180px;}.kb-row-layout-id13_fa6481-2e .low-index {  z-index: 1;}.kb-row-layout-id13_fa6481-2e {  overflow: hidden;}<\/style><div class=\"kb-row-layout-wrap kb-row-layout-id13_fa6481-2e alignnone has-theme-palette8-background-color kt-row-has-bg wp-block-kadence-rowlayout\"><div class=\"kt-row-layout-bottom-sep kt-row-sep-type-crvi\"><svg viewBox=\"0 0 1000 100\" preserveAspectRatio=\"none\"><path d=\"M1000,0c0,0 -270.987,98 -500,98c-229.013,0 -500,-98 -500,-98l0,100l1000,0l0,-100Z\" \/><\/svg><\/div><div class=\"kt-row-column-wrap kt-has-1-columns kt-row-layout-equal kt-tab-layout-inherit kt-mobile-layout-row kt-row-valign-middle kb-theme-content-width\">\n<style>.kadence-column13_c10b8b-3c > .kt-inside-inner-col,.kadence-column13_c10b8b-3c > .kt-inside-inner-col:before{border-top-left-radius:0px;border-top-right-radius:0px;border-bottom-right-radius:0px;border-bottom-left-radius:0px;}.kadence-column13_c10b8b-3c > .kt-inside-inner-col{column-gap:var(--global-kb-gap-sm, 1rem);}.kadence-column13_c10b8b-3c > .kt-inside-inner-col{flex-direction:column;}.kadence-column13_c10b8b-3c > .kt-inside-inner-col > .aligncenter{width:100%;}.kadence-column13_c10b8b-3c > .kt-inside-inner-col:before{opacity:0.3;}.kadence-column13_c10b8b-3c{position:relative;}@media all and (max-width: 1024px){.kadence-column13_c10b8b-3c > .kt-inside-inner-col{flex-direction:column;justify-content:center;}}@media all and (max-width: 767px){.kadence-column13_c10b8b-3c > .kt-inside-inner-col{flex-direction:column;justify-content:center;}}<\/style>\n<div class=\"wp-block-kadence-column kadence-column13_c10b8b-3c inner-column-1\"><div class=\"kt-inside-inner-col\"><style>.wp-block-kadence-advancedheading.kt-adv-heading13_829d37-79, .wp-block-kadence-advancedheading.kt-adv-heading13_829d37-79[data-kb-block=\"kb-adv-heading13_829d37-79\"]{padding-top:0px;padding-bottom:0px;margin-bottom:-20px;text-align:center;font-size:170px;line-height:68px;font-weight:400;font-style:normal;font-family:'Mrs Saint Delafield';text-transform:lowercase;}.wp-block-kadence-advancedheading.kt-adv-heading13_829d37-79 mark.kt-highlight, .wp-block-kadence-advancedheading.kt-adv-heading13_829d37-79[data-kb-block=\"kb-adv-heading13_829d37-79\"] mark.kt-highlight{font-style:normal;color:#f76a0c;-webkit-box-decoration-break:clone;box-decoration-break:clone;padding-top:0px;padding-right:0px;padding-bottom:0px;padding-left:0px;}.wp-block-kadence-advancedheading.kt-adv-heading13_829d37-79 img.kb-inline-image, .wp-block-kadence-advancedheading.kt-adv-heading13_829d37-79[data-kb-block=\"kb-adv-heading13_829d37-79\"] img.kb-inline-image{width:150px;vertical-align:baseline;}@media all and (max-width: 767px){.wp-block-kadence-advancedheading.kt-adv-heading13_829d37-79, .wp-block-kadence-advancedheading.kt-adv-heading13_829d37-79[data-kb-block=\"kb-adv-heading13_829d37-79\"]{font-size:86px;}}<\/style>\n<h2 class=\"kt-adv-heading13_829d37-79 wp-block-kadence-advancedheading has-theme-palette-7-color has-text-color\" data-kb-block=\"kb-adv-heading13_829d37-79\">About <\/h2>\n\n\n<style>.wp-block-kadence-advancedheading.kt-adv-heading13_c664f2-47, .wp-block-kadence-advancedheading.kt-adv-heading13_c664f2-47[data-kb-block=\"kb-adv-heading13_c664f2-47\"]{text-align:center;font-size:100px;line-height:90px;font-style:normal;}.wp-block-kadence-advancedheading.kt-adv-heading13_c664f2-47 mark.kt-highlight, .wp-block-kadence-advancedheading.kt-adv-heading13_c664f2-47[data-kb-block=\"kb-adv-heading13_c664f2-47\"] mark.kt-highlight{font-style:normal;color:#f76a0c;-webkit-box-decoration-break:clone;box-decoration-break:clone;padding-top:0px;padding-right:0px;padding-bottom:0px;padding-left:0px;}.wp-block-kadence-advancedheading.kt-adv-heading13_c664f2-47 img.kb-inline-image, .wp-block-kadence-advancedheading.kt-adv-heading13_c664f2-47[data-kb-block=\"kb-adv-heading13_c664f2-47\"] img.kb-inline-image{width:150px;vertical-align:baseline;}@media all and (max-width: 767px){.wp-block-kadence-advancedheading.kt-adv-heading13_c664f2-47, .wp-block-kadence-advancedheading.kt-adv-heading13_c664f2-47[data-kb-block=\"kb-adv-heading13_c664f2-47\"]{font-size:var(--global-kb-font-size-xxl, 4rem);line-height:42px;}}<\/style>\n<h2 class=\"kt-adv-heading13_c664f2-47 wp-block-kadence-advancedheading\" data-kb-block=\"kb-adv-heading13_c664f2-47\"><em>Meist\u00e4<\/em><\/h2>\n\n\n<style>.wp-block-kadence-advancedheading.kt-adv-heading13_959881-cc, .wp-block-kadence-advancedheading.kt-adv-heading13_959881-cc[data-kb-block=\"kb-adv-heading13_959881-cc\"]{text-align:center;font-style:normal;}.wp-block-kadence-advancedheading.kt-adv-heading13_959881-cc mark.kt-highlight, .wp-block-kadence-advancedheading.kt-adv-heading13_959881-cc[data-kb-block=\"kb-adv-heading13_959881-cc\"] mark.kt-highlight{font-style:normal;color:#f76a0c;-webkit-box-decoration-break:clone;box-decoration-break:clone;padding-top:0px;padding-right:0px;padding-bottom:0px;padding-left:0px;}.wp-block-kadence-advancedheading.kt-adv-heading13_959881-cc img.kb-inline-image, .wp-block-kadence-advancedheading.kt-adv-heading13_959881-cc[data-kb-block=\"kb-adv-heading13_959881-cc\"] img.kb-inline-image{width:150px;vertical-align:baseline;}<\/style>\n<p class=\"kt-adv-heading13_959881-cc wp-block-kadence-advancedheading\" data-kb-block=\"kb-adv-heading13_959881-cc\">T4T Beauty on <a href=\"https:\/\/t4tbeauty.fi\/contact\/\" type=\"page\" id=\"14\">p\u00e4\u00e4kaupunkiseudun<\/a> kauneushoitola, joka on erikoistunut pysyv\u00e4\u00e4n karvanpoistoon elektrolyysimenetelm\u00e4ll\u00e4. Tarjoamme pysyv\u00e4\u00e4 karvanpoistoa turvallisessa ja trans-yst\u00e4v\u00e4llisess\u00e4 tilassa, jossa jokainen asiakas kohdataan arvostavasti. <a href=\"https:\/\/en.wikipedia.org\/wiki\/Electrology\">Elektrolyysi<\/a> on ainoa l\u00e4\u00e4ketieteellisesti todettu pysyv\u00e4n karvanpoiston menetelm\u00e4 \u2013 se toimii kaikilla ihotyypeill\u00e4 ja karvanv\u00e4reill\u00e4, my\u00f6s vaaleilla ja harmailla karvoilla, joihin laser ei tehoa. Uskomme, ett\u00e4 laadukas pysyv\u00e4 karvanpoisto kuuluu kaikille, ja siksi pid\u00e4mme hintamme kohtuullisina. L\u00e4vistys- ja ihonhoitopalveluita tulossa pian.<\/p>\n<\/div><\/div>\n\n<\/div><\/div>\n\n<style>.kb-row-layout-id13_ffc4ab-dc > .kt-row-column-wrap{align-content:start;}:where(.kb-row-layout-id13_ffc4ab-dc > .kt-row-column-wrap) > .wp-block-kadence-column{justify-content:start;}.kb-row-layout-id13_ffc4ab-dc > .kt-row-column-wrap{column-gap:var(--global-kb-gap-md, 2rem);row-gap:var(--global-kb-gap-md, 2rem);max-width:var( --global-content-width, 1290px );padding-left:var(--global-content-edge-padding);padding-right:var(--global-content-edge-padding);padding-top:130px;padding-bottom:80px;grid-template-columns:minmax(0, 1fr);}.kb-row-layout-id13_ffc4ab-dc > .kt-row-layout-overlay{opacity:0.30;}@media all and (max-width: 1024px){.kb-row-layout-id13_ffc4ab-dc > .kt-row-column-wrap{grid-template-columns:minmax(0, 1fr);}}@media all and (max-width: 767px){.kb-row-layout-id13_ffc4ab-dc > .kt-row-column-wrap{grid-template-columns:minmax(0, 1fr);}}<\/style><div class=\"kb-row-layout-wrap kb-row-layout-id13_ffc4ab-dc alignnone has-theme-palette8-background-color kt-row-has-bg wp-block-kadence-rowlayout\"><div class=\"kt-row-column-wrap kt-has-1-columns kt-row-layout-equal kt-tab-layout-inherit kt-mobile-layout-row kt-row-valign-top kb-theme-content-width\">\n<style>.kadence-column13_338e38-e7 > .kt-inside-inner-col,.kadence-column13_338e38-e7 > .kt-inside-inner-col:before{border-top-left-radius:0px;border-top-right-radius:0px;border-bottom-right-radius:0px;border-bottom-left-radius:0px;}.kadence-column13_338e38-e7 > .kt-inside-inner-col{column-gap:var(--global-kb-gap-sm, 1rem);}.kadence-column13_338e38-e7 > .kt-inside-inner-col{flex-direction:column;}.kadence-column13_338e38-e7 > .kt-inside-inner-col > .aligncenter{width:100%;}.kadence-column13_338e38-e7 > .kt-inside-inner-col:before{opacity:0.3;}.kadence-column13_338e38-e7{position:relative;}@media all and (max-width: 1024px){.kadence-column13_338e38-e7 > .kt-inside-inner-col{flex-direction:column;justify-content:center;}}@media all and (max-width: 767px){.kadence-column13_338e38-e7 > .kt-inside-inner-col{flex-direction:column;justify-content:center;}}<\/style>\n<div class=\"wp-block-kadence-column kadence-column13_338e38-e7 inner-column-1\"><div class=\"kt-inside-inner-col\"><style>.wp-block-kadence-advancedheading.kt-adv-heading13_c5cafd-a7, .wp-block-kadence-advancedheading.kt-adv-heading13_c5cafd-a7[data-kb-block=\"kb-adv-heading13_c5cafd-a7\"]{padding-top:0px;margin-bottom:0px;text-align:center;font-size:170px;line-height:14px;font-weight:400;font-style:normal;font-family:'Mrs Saint Delafield';text-transform:lowercase;}.wp-block-kadence-advancedheading.kt-adv-heading13_c5cafd-a7 mark.kt-highlight, .wp-block-kadence-advancedheading.kt-adv-heading13_c5cafd-a7[data-kb-block=\"kb-adv-heading13_c5cafd-a7\"] mark.kt-highlight{font-style:normal;color:#f76a0c;-webkit-box-decoration-break:clone;box-decoration-break:clone;padding-top:0px;padding-right:0px;padding-bottom:0px;padding-left:0px;}.wp-block-kadence-advancedheading.kt-adv-heading13_c5cafd-a7 img.kb-inline-image, .wp-block-kadence-advancedheading.kt-adv-heading13_c5cafd-a7[data-kb-block=\"kb-adv-heading13_c5cafd-a7\"] img.kb-inline-image{width:150px;vertical-align:baseline;}<\/style>\n<h2 class=\"kt-adv-heading13_c5cafd-a7 wp-block-kadence-advancedheading has-theme-palette-7-color has-text-color\" data-kb-block=\"kb-adv-heading13_c5cafd-a7\">team<\/h2>\n\n\n<style>.wp-block-kadence-advancedheading.kt-adv-heading13_e3a6f6-71, .wp-block-kadence-advancedheading.kt-adv-heading13_e3a6f6-71[data-kb-block=\"kb-adv-heading13_e3a6f6-71\"]{text-align:center;font-style:normal;}.wp-block-kadence-advancedheading.kt-adv-heading13_e3a6f6-71 mark.kt-highlight, .wp-block-kadence-advancedheading.kt-adv-heading13_e3a6f6-71[data-kb-block=\"kb-adv-heading13_e3a6f6-71\"] mark.kt-highlight{font-style:normal;color:#f76a0c;-webkit-box-decoration-break:clone;box-decoration-break:clone;padding-top:0px;padding-right:0px;padding-bottom:0px;padding-left:0px;}.wp-block-kadence-advancedheading.kt-adv-heading13_e3a6f6-71 img.kb-inline-image, .wp-block-kadence-advancedheading.kt-adv-heading13_e3a6f6-71[data-kb-block=\"kb-adv-heading13_e3a6f6-71\"] img.kb-inline-image{width:150px;vertical-align:baseline;}@media all and (max-width: 767px){.wp-block-kadence-advancedheading.kt-adv-heading13_e3a6f6-71, .wp-block-kadence-advancedheading.kt-adv-heading13_e3a6f6-71[data-kb-block=\"kb-adv-heading13_e3a6f6-71\"]{font-size:var(--global-kb-font-size-lg, 2rem);}}<\/style>\n<h2 class=\"kt-adv-heading13_e3a6f6-71 wp-block-kadence-advancedheading\" data-kb-block=\"kb-adv-heading13_e3a6f6-71\"><em>Tiimimme <\/em><\/h2>\n\n\n<style>.wp-block-kadence-advancedheading.kt-adv-heading13_244ab4-9a, .wp-block-kadence-advancedheading.kt-adv-heading13_244ab4-9a[data-kb-block=\"kb-adv-heading13_244ab4-9a\"]{text-align:center;font-style:normal;}.wp-block-kadence-advancedheading.kt-adv-heading13_244ab4-9a mark.kt-highlight, .wp-block-kadence-advancedheading.kt-adv-heading13_244ab4-9a[data-kb-block=\"kb-adv-heading13_244ab4-9a\"] mark.kt-highlight{font-style:normal;color:#f76a0c;-webkit-box-decoration-break:clone;box-decoration-break:clone;padding-top:0px;padding-right:0px;padding-bottom:0px;padding-left:0px;}.wp-block-kadence-advancedheading.kt-adv-heading13_244ab4-9a img.kb-inline-image, .wp-block-kadence-advancedheading.kt-adv-heading13_244ab4-9a[data-kb-block=\"kb-adv-heading13_244ab4-9a\"] img.kb-inline-image{width:150px;vertical-align:baseline;}<\/style>\n<p class=\"kt-adv-heading13_244ab4-9a wp-block-kadence-advancedheading\" data-kb-block=\"kb-adv-heading13_244ab4-9a\">Tiimimme koostuu ammattitaitoisista elektrologeista, joilla on syd\u00e4nt\u00e4 kohdata jokainen asiakas yksil\u00f6llisesti ja kunnioittavasti.<\/p>\n\n\n<style>.kadence-column13_2ba4c9-22 > .kt-inside-inner-col,.kadence-column13_2ba4c9-22 > .kt-inside-inner-col:before{border-top-left-radius:0px;border-top-right-radius:0px;border-bottom-right-radius:0px;border-bottom-left-radius:0px;}.kadence-column13_2ba4c9-22 > .kt-inside-inner-col{column-gap:var(--global-kb-gap-sm, 1rem);}.kadence-column13_2ba4c9-22 > .kt-inside-inner-col{flex-direction:column;}.kadence-column13_2ba4c9-22 > .kt-inside-inner-col > .aligncenter{width:100%;}.kadence-column13_2ba4c9-22 > .kt-inside-inner-col:before{opacity:0.3;}.kadence-column13_2ba4c9-22{position:relative;}@media all and (max-width: 1024px){.kadence-column13_2ba4c9-22 > .kt-inside-inner-col{flex-direction:column;justify-content:center;}}@media all and (max-width: 767px){.kadence-column13_2ba4c9-22 > .kt-inside-inner-col{flex-direction:column;justify-content:center;}}<\/style>\n<div class=\"wp-block-kadence-column kadence-column13_2ba4c9-22\"><div class=\"kt-inside-inner-col\"><style>.kadence-column13_57276c-80 > .kt-inside-inner-col,.kadence-column13_57276c-80 > .kt-inside-inner-col:before{border-top-left-radius:0px;border-top-right-radius:0px;border-bottom-right-radius:0px;border-bottom-left-radius:0px;}.kadence-column13_57276c-80 > .kt-inside-inner-col{column-gap:var(--global-kb-gap-sm, 1rem);}.kadence-column13_57276c-80 > .kt-inside-inner-col{flex-direction:column;}.kadence-column13_57276c-80 > .kt-inside-inner-col > .aligncenter{width:100%;}.kadence-column13_57276c-80 > .kt-inside-inner-col:before{opacity:0.3;}.kadence-column13_57276c-80{position:relative;}@media all and (max-width: 1024px){.kadence-column13_57276c-80 > .kt-inside-inner-col{flex-direction:column;justify-content:center;}}@media all and (max-width: 767px){.kadence-column13_57276c-80 > .kt-inside-inner-col{flex-direction:column;justify-content:center;}}<\/style>\n<div class=\"wp-block-kadence-column kadence-column13_57276c-80\"><div class=\"kt-inside-inner-col\"><style>.kb-table-container13_62ede9-ee{overflow-x:auto;}.kb-table-container .kb-table13_62ede9-ee th{padding-top:var(--global-kb-spacing-xxs, 0.5rem);padding-right:var(--global-kb-spacing-xxs, 0.5rem);padding-bottom:var(--global-kb-spacing-xxs, 0.5rem);padding-left:var(--global-kb-spacing-xxs, 0.5rem);text-align:center;}.kb-table-container .kb-table13_62ede9-ee caption{text-align:center;}.kb-table-container .kb-table13_62ede9-ee td{padding-top:var(--global-kb-spacing-xxs, 0.5rem);padding-right:var(--global-kb-spacing-xxs, 0.5rem);padding-bottom:var(--global-kb-spacing-xxs, 0.5rem);padding-left:var(--global-kb-spacing-xxs, 0.5rem);text-align:left;}<\/style><div class=\"kb-table-container kb-table-container13_62ede9-ee wp-block-kadence-table\"><table class=\"kb-table kb-table13_62ede9-ee\">\n<tr class=\"kb-table-row kb-table-row13_0c3515-79\">\n<td class=\"kb-table-data kb-table-data13_7f95fb-30\">\n<div class=\"wp-block-image\">\n<figure class=\"aligncenter size-full\"><img loading=\"lazy\" decoding=\"async\" width=\"1000\" height=\"1000\" src=\"https:\/\/t4tbeauty.fi\/wp-content\/uploads\/2026\/04\/lanip-2-1.png\" alt=\"Leilani\" class=\"wp-image-929\" srcset=\"https:\/\/t4tbeauty.fi\/wp-content\/uploads\/2026\/04\/lanip-2-1.png 1000w, https:\/\/t4tbeauty.fi\/wp-content\/uploads\/2026\/04\/lanip-2-1-300x300.png 300w, https:\/\/t4tbeauty.fi\/wp-content\/uploads\/2026\/04\/lanip-2-1-150x150.png 150w, https:\/\/t4tbeauty.fi\/wp-content\/uploads\/2026\/04\/lanip-2-1-768x768.png 768w, https:\/\/t4tbeauty.fi\/wp-content\/uploads\/2026\/04\/lanip-2-1-12x12.png 12w\" sizes=\"auto, (max-width: 1000px) 100vw, 1000px\" \/><\/figure>\n<\/div>\n<\/td>\n\n<td class=\"kb-table-data kb-table-data13_0f06fe-10\">\n\n<figure class=\"wp-block-image size-full\"><img loading=\"lazy\" decoding=\"async\" width=\"1012\" height=\"1012\" src=\"https:\/\/t4tbeauty.fi\/wp-content\/uploads\/2026\/04\/kattip-1-1.png\" alt=\"Katti\" class=\"wp-image-930\" srcset=\"https:\/\/t4tbeauty.fi\/wp-content\/uploads\/2026\/04\/kattip-1-1.png 1012w, https:\/\/t4tbeauty.fi\/wp-content\/uploads\/2026\/04\/kattip-1-1-300x300.png 300w, https:\/\/t4tbeauty.fi\/wp-content\/uploads\/2026\/04\/kattip-1-1-150x150.png 150w, https:\/\/t4tbeauty.fi\/wp-content\/uploads\/2026\/04\/kattip-1-1-768x768.png 768w, https:\/\/t4tbeauty.fi\/wp-content\/uploads\/2026\/04\/kattip-1-1-12x12.png 12w\" sizes=\"auto, (max-width: 1012px) 100vw, 1012px\" \/><\/figure>\n\n<\/td>\n<\/tr>\n\n<tr class=\"kb-table-row kb-table-row13_377de6-d9\">\n<td class=\"kb-table-data kb-table-data13_e82765-4c\">\n<style>.wp-block-kadence-advancedheading.kt-adv-heading13_941e18-54, .wp-block-kadence-advancedheading.kt-adv-heading13_941e18-54[data-kb-block=\"kb-adv-heading13_941e18-54\"]{text-align:center;font-style:normal;}.wp-block-kadence-advancedheading.kt-adv-heading13_941e18-54 mark.kt-highlight, .wp-block-kadence-advancedheading.kt-adv-heading13_941e18-54[data-kb-block=\"kb-adv-heading13_941e18-54\"] mark.kt-highlight{font-style:normal;color:#f76a0c;-webkit-box-decoration-break:clone;box-decoration-break:clone;padding-top:0px;padding-right:0px;padding-bottom:0px;padding-left:0px;}.wp-block-kadence-advancedheading.kt-adv-heading13_941e18-54 img.kb-inline-image, .wp-block-kadence-advancedheading.kt-adv-heading13_941e18-54[data-kb-block=\"kb-adv-heading13_941e18-54\"] img.kb-inline-image{width:150px;vertical-align:baseline;}<\/style>\n<h4 class=\"kt-adv-heading13_941e18-54 wp-block-kadence-advancedheading\" data-kb-block=\"kb-adv-heading13_941e18-54\"><em>Leilani<\/em><\/h4>\n\n<\/td>\n\n<td class=\"kb-table-data kb-table-data13_9a1253-e4\">\n<style>.wp-block-kadence-advancedheading.kt-adv-heading13_24a55f-f2, .wp-block-kadence-advancedheading.kt-adv-heading13_24a55f-f2[data-kb-block=\"kb-adv-heading13_24a55f-f2\"]{text-align:center;font-style:normal;}.wp-block-kadence-advancedheading.kt-adv-heading13_24a55f-f2 mark.kt-highlight, .wp-block-kadence-advancedheading.kt-adv-heading13_24a55f-f2[data-kb-block=\"kb-adv-heading13_24a55f-f2\"] mark.kt-highlight{font-style:normal;color:#f76a0c;-webkit-box-decoration-break:clone;box-decoration-break:clone;padding-top:0px;padding-right:0px;padding-bottom:0px;padding-left:0px;}.wp-block-kadence-advancedheading.kt-adv-heading13_24a55f-f2 img.kb-inline-image, .wp-block-kadence-advancedheading.kt-adv-heading13_24a55f-f2[data-kb-block=\"kb-adv-heading13_24a55f-f2\"] img.kb-inline-image{width:150px;vertical-align:baseline;}<\/style>\n<h4 class=\"kt-adv-heading13_24a55f-f2 wp-block-kadence-advancedheading\" data-kb-block=\"kb-adv-heading13_24a55f-f2\"><em>Katti<\/em><\/h4>\n\n<\/td>\n<\/tr>\n\n<tr class=\"kb-table-row kb-table-row13_ce3116-4e\">\n<td class=\"kb-table-data kb-table-data13_a955ab-9d\">\n\n<p class=\"has-text-align-center\">Elektrologi | Pysyv\u00e4 karvanpoisto elektrolyysill\u00e4<\/p>\n\n<\/td>\n\n<td class=\"kb-table-data kb-table-data13_89d545-4e\">\n\n<p class=\"has-text-align-center\">Elektrologi | Pysyv\u00e4 karvanpoisto elektrolyysill\u00e4<\/p>\n\n<\/td>\n<\/tr>\n<\/table><\/div><\/div><\/div>\n<\/div><\/div>\n<\/div><\/div>\n\n<\/div><\/div>","protected":false},"excerpt":{"rendered":"<p>About Meist\u00e4 T4T Beauty on p\u00e4\u00e4kaupunkiseudun kauneushoitola, joka on erikoistunut pysyv\u00e4\u00e4n karvanpoistoon elektrolyysimenetelm\u00e4ll\u00e4. Tarjoamme pysyv\u00e4\u00e4 karvanpoistoa turvallisessa ja trans-yst\u00e4v\u00e4llisess\u00e4 tilassa, jossa jokainen asiakas kohdataan arvostavasti. Elektrolyysi on ainoa l\u00e4\u00e4ketieteellisesti todettu pysyv\u00e4n karvanpoiston menetelm\u00e4 \u2013 se toimii kaikilla ihotyypeill\u00e4 ja karvanv\u00e4reill\u00e4, my\u00f6s vaaleilla ja harmailla karvoilla, joihin laser ei tehoa. Uskomme, ett\u00e4 laadukas pysyv\u00e4 karvanpoisto kuuluu&#8230;<\/p>","protected":false},"author":1,"featured_media":743,"parent":0,"menu_order":0,"comment_status":"closed","ping_status":"closed","template":"","meta":{"_kad_post_transparent":"","_kad_post_title":"hide","_kad_post_layout":"fullwidth","_kad_post_sidebar_id":"","_kad_post_content_style":"unboxed","_kad_post_vertical_padding":"hide","_kad_post_feature":"hide","_kad_post_feature_position":"","_kad_post_header":false,"_kad_post_footer":false,"_kad_post_classname":"","slim_seo":{"title":"Karvanpoisto elektrolyysi neulaepilaatio helsinki Vantaa","description":"T4T Beauty karvanpoisto elektrolyysi neulaepilaatio. Trans-yst\u00e4v\u00e4llinen kauneushoitola p\u00e4\u00e4kaupunkiseudulla."},"footnotes":""},"class_list":["post-13","page","type-page","status-publish","has-post-thumbnail","hentry"],"_links":{"self":[{"href":"https:\/\/t4tbeauty.fi\/en\/wp-json\/wp\/v2\/pages\/13","targetHints":{"allow":["GET"]}}],"collection":[{"href":"https:\/\/t4tbeauty.fi\/en\/wp-json\/wp\/v2\/pages"}],"about":[{"href":"https:\/\/t4tbeauty.fi\/en\/wp-json\/wp\/v2\/types\/page"}],"author":[{"embeddable":true,"href":"https:\/\/t4tbeauty.fi\/en\/wp-json\/wp\/v2\/users\/1"}],"replies":[{"embeddable":true,"href":"https:\/\/t4tbeauty.fi\/en\/wp-json\/wp\/v2\/comments?post=13"}],"version-history":[{"count":20,"href":"https:\/\/t4tbeauty.fi\/en\/wp-json\/wp\/v2\/pages\/13\/revisions"}],"predecessor-version":[{"id":931,"href":"https:\/\/t4tbeauty.fi\/en\/wp-json\/wp\/v2\/pages\/13\/revisions\/931"}],"wp:featuredmedia":[{"embeddable":true,"href":"https:\/\/t4tbeauty.fi\/en\/wp-json\/wp\/v2\/media\/743"}],"wp:attachment":[{"href":"https:\/\/t4tbeauty.fi\/en\/wp-json\/wp\/v2\/media?parent=13"}],"curies":[{"name":"wp","href":"https:\/\/api.w.org\/{rel}","templated":true}]}}