{"id":11,"date":"2021-09-05T16:37:13","date_gmt":"2021-09-05T16:37:13","guid":{"rendered":"https:\/\/kits.themecy.com\/memberships-1\/?page_id=11"},"modified":"2026-04-10T12:22:09","modified_gmt":"2026-04-10T10:22:09","slug":"home","status":"publish","type":"page","link":"https:\/\/t4tbeauty.fi\/en\/","title":{"rendered":"Home"},"content":{"rendered":"<style>.kb-row-layout-id11_54ad8b-15 > .kt-row-column-wrap{align-content:center;}:where(.kb-row-layout-id11_54ad8b-15 > .kt-row-column-wrap) > .wp-block-kadence-column{justify-content:center;}.kb-row-layout-id11_54ad8b-15 > .kt-row-column-wrap{column-gap:var(--global-kb-gap-md, 2rem);row-gap:var(--global-kb-gap-md, 2rem);max-width:var( --global-content-width, 1290px );padding-left:var(--global-content-edge-padding);padding-right:var(--global-content-edge-padding);padding-top:var(--global-kb-spacing-5xl, 10rem);padding-bottom:var(--global-kb-spacing-5xl, 10rem);grid-template-columns:minmax(0, calc(50% - ((var(--global-kb-gap-md, 2rem) * 1 )\/2)))minmax(0, calc(50% - ((var(--global-kb-gap-md, 2rem) * 1 )\/2)));}.kb-row-layout-id11_54ad8b-15{background-image:url('https:\/\/t4tbeauty.fi\/wp-content\/uploads\/2026\/04\/t4tbg-scaled-1.webp');background-size:cover;background-position:56.00000000000001% 44%;background-attachment:scroll;background-repeat:no-repeat;}.kb-row-layout-id11_54ad8b-15 > .kt-row-layout-overlay{opacity:0.25;}.kb-row-layout-id11_54ad8b-15 .kt-row-layout-bottom-sep{height:100px;}.kb-row-layout-id11_54ad8b-15 .kt-row-layout-bottom-sep svg{width:100%;}.kb-row-layout-id11_54ad8b-15 .kt-row-layout-bottom-sep svg{fill:var(--global-palette9, #ffffff)!important;}@media all and (max-width: 1024px){.kb-row-layout-id11_54ad8b-15 > .kt-row-column-wrap{grid-template-columns:minmax(0, 1fr);}}@media all and (max-width: 1024px){.kb-row-layout-id11_54ad8b-15 .kt-row-layout-bottom-sep{height:px;}}@media all and (max-width: 1024px){.kb-row-layout-id11_54ad8b-15 .kt-row-layout-bottom-sep svg{width:%;}}@media all and (max-width: 767px){.kb-row-layout-id11_54ad8b-15 > .kt-row-column-wrap{grid-template-columns:minmax(0, 1fr);}.kb-row-layout-id11_54ad8b-15 .kt-row-layout-bottom-sep{height:px;}.kb-row-layout-id11_54ad8b-15 .kt-row-layout-bottom-sep svg{width:%;}}.kb-row-layout-id11_54ad8b-15 .absolute {    position: absolute;    width: 400px;top: -200px;right: -180px;  }.kb-row-layout-id11_54ad8b-15 .low-index {z-index: 1;}.kb-row-layout-id11_54ad8b-15 {  overflow: hidden;}<\/style><div class=\"kb-row-layout-wrap kb-row-layout-id11_54ad8b-15 alignnone kt-row-has-bg wp-block-kadence-rowlayout\"><div class=\"kt-row-layout-bottom-sep kt-row-sep-type-crvi\"><svg viewBox=\"0 0 1000 100\" preserveAspectRatio=\"none\"><path d=\"M1000,0c0,0 -270.987,98 -500,98c-229.013,0 -500,-98 -500,-98l0,100l1000,0l0,-100Z\" \/><\/svg><\/div><div class=\"kt-row-column-wrap kt-has-2-columns kt-row-layout-equal kt-tab-layout-row kt-mobile-layout-row kt-row-valign-middle kb-theme-content-width\">\n<style>.kadence-column11_1278a2-4a > .kt-inside-inner-col,.kadence-column11_1278a2-4a > .kt-inside-inner-col:before{border-top-left-radius:0px;border-top-right-radius:0px;border-bottom-right-radius:0px;border-bottom-left-radius:0px;}.kadence-column11_1278a2-4a > .kt-inside-inner-col{column-gap:var(--global-kb-gap-sm, 1rem);}.kadence-column11_1278a2-4a > .kt-inside-inner-col{flex-direction:column;}.kadence-column11_1278a2-4a > .kt-inside-inner-col > .aligncenter{width:100%;}.kadence-column11_1278a2-4a > .kt-inside-inner-col:before{opacity:0.3;}.kadence-column11_1278a2-4a{position:relative;}@media all and (max-width: 1024px){.kadence-column11_1278a2-4a > .kt-inside-inner-col{flex-direction:column;justify-content:center;}}@media all and (max-width: 767px){.kadence-column11_1278a2-4a > .kt-inside-inner-col{flex-direction:column;justify-content:center;}}<\/style>\n<div class=\"wp-block-kadence-column kadence-column11_1278a2-4a\"><div class=\"kt-inside-inner-col\"><style>.wp-block-kadence-advancedheading.kt-adv-heading11_h1_main, .wp-block-kadence-advancedheading.kt-adv-heading11_h1_main[data-kb-block=\"kb-adv-heading11_h1_main\"]{font-size:22px;font-style:normal;}.wp-block-kadence-advancedheading.kt-adv-heading11_h1_main mark.kt-highlight, .wp-block-kadence-advancedheading.kt-adv-heading11_h1_main[data-kb-block=\"kb-adv-heading11_h1_main\"] mark.kt-highlight{font-style:normal;color:#f76a0c;-webkit-box-decoration-break:clone;box-decoration-break:clone;padding-top:0px;padding-right:0px;padding-bottom:0px;padding-left:0px;}.wp-block-kadence-advancedheading.kt-adv-heading11_h1_main img.kb-inline-image, .wp-block-kadence-advancedheading.kt-adv-heading11_h1_main[data-kb-block=\"kb-adv-heading11_h1_main\"] img.kb-inline-image{width:150px;vertical-align:baseline;}@media all and (max-width: 1024px){.wp-block-kadence-advancedheading.kt-adv-heading11_h1_main, .wp-block-kadence-advancedheading.kt-adv-heading11_h1_main[data-kb-block=\"kb-adv-heading11_h1_main\"]{font-size:20px;}}@media all and (max-width: 767px){.wp-block-kadence-advancedheading.kt-adv-heading11_h1_main, .wp-block-kadence-advancedheading.kt-adv-heading11_h1_main[data-kb-block=\"kb-adv-heading11_h1_main\"]{font-size:18px;}}<\/style>\n<h1 class=\"kt-adv-heading11_h1_main wp-block-kadence-advancedheading\" data-kb-block=\"kb-adv-heading11_h1_main\">Karvanpoisto transihmisille \u2013 turvallinen tila, asiantunteva k\u00e4si<\/h1>\n\n\n<style>.wp-block-kadence-advancedheading.kt-adv-heading11_03e641-d1, .wp-block-kadence-advancedheading.kt-adv-heading11_03e641-d1[data-kb-block=\"kb-adv-heading11_03e641-d1\"]{font-style:normal;}.wp-block-kadence-advancedheading.kt-adv-heading11_03e641-d1 mark.kt-highlight, .wp-block-kadence-advancedheading.kt-adv-heading11_03e641-d1[data-kb-block=\"kb-adv-heading11_03e641-d1\"] mark.kt-highlight{font-style:normal;color:#f76a0c;-webkit-box-decoration-break:clone;box-decoration-break:clone;padding-top:0px;padding-right:0px;padding-bottom:0px;padding-left:0px;}.wp-block-kadence-advancedheading.kt-adv-heading11_03e641-d1 img.kb-inline-image, .wp-block-kadence-advancedheading.kt-adv-heading11_03e641-d1[data-kb-block=\"kb-adv-heading11_03e641-d1\"] img.kb-inline-image{width:150px;vertical-align:baseline;}<\/style>\n<p class=\"kt-adv-heading11_03e641-d1 wp-block-kadence-advancedheading\" data-kb-block=\"kb-adv-heading11_03e641-d1\">Tervetuloa T4T Beauty:lle \u2013 kauneushoitolaan, joka on erikoistunut <strong>trans- ja muunsukupuolisten asiakkaiden karvanpoistoon<\/strong>. Tarjoamme ammattitaitoista ja turvallista karvanpoistoa. Tutustu <a href=\"https:\/\/t4tbeauty.fi\/palvelumme\/\" title=\"Karvanpoisto- ja kauneuspalvelumme\">palveluihimme<\/a> ja <a href=\"\/contact\" title=\"varaa aika\">varaa aika<\/a> \u2013 tai kysy lis\u00e4\u00e4 chatin kautta.<\/p>\n\n\n<\/div><\/div>\n\n\n<style>.kadence-column11_8bd5c9-4f > .kt-inside-inner-col{display:flex;}.kadence-column11_8bd5c9-4f > .kt-inside-inner-col,.kadence-column11_8bd5c9-4f > .kt-inside-inner-col:before{border-top-left-radius:0px;border-top-right-radius:0px;border-bottom-right-radius:0px;border-bottom-left-radius:0px;}.kadence-column11_8bd5c9-4f > .kt-inside-inner-col{column-gap:var(--global-kb-gap-sm, 1rem);}.kadence-column11_8bd5c9-4f > .kt-inside-inner-col{flex-direction:column;justify-content:flex-start;}.kadence-column11_8bd5c9-4f > .kt-inside-inner-col > .aligncenter{width:100%;}.kt-row-column-wrap > .kadence-column11_8bd5c9-4f{align-self:flex-start;}.kt-inner-column-height-full:not(.kt-has-1-columns) > .wp-block-kadence-column.kadence-column11_8bd5c9-4f{align-self:auto;}.kt-inner-column-height-full:not(.kt-has-1-columns) > .wp-block-kadence-column.kadence-column11_8bd5c9-4f > .kt-inside-inner-col{flex-direction:column;justify-content:flex-start;}.kadence-column11_8bd5c9-4f > .kt-inside-inner-col:before{opacity:0.3;}.kadence-column11_8bd5c9-4f{position:relative;}@media all and (max-width: 1024px){.kt-row-column-wrap > .kadence-column11_8bd5c9-4f{align-self:flex-start;}}@media all and (max-width: 1024px){.kt-inner-column-height-full:not(.kt-has-1-columns) > .wp-block-kadence-column.kadence-column11_8bd5c9-4f{align-self:auto;}}@media all and (max-width: 1024px){.kt-inner-column-height-full:not(.kt-has-1-columns) > .wp-block-kadence-column.kadence-column11_8bd5c9-4f > .kt-inside-inner-col{flex-direction:column;justify-content:flex-start;}}@media all and (max-width: 1024px){.kadence-column11_8bd5c9-4f > .kt-inside-inner-col{flex-direction:column;justify-content:flex-start;}}@media all and (max-width: 767px){.kt-row-column-wrap > .kadence-column11_8bd5c9-4f{align-self:flex-start;}.kt-inner-column-height-full:not(.kt-has-1-columns) > .wp-block-kadence-column.kadence-column11_8bd5c9-4f{align-self:auto;}.kt-inner-column-height-full:not(.kt-has-1-columns) > .wp-block-kadence-column.kadence-column11_8bd5c9-4f > .kt-inside-inner-col{flex-direction:column;justify-content:flex-start;}.kadence-column11_8bd5c9-4f > .kt-inside-inner-col{flex-direction:column;justify-content:flex-start;}}<\/style>\n<div class=\"wp-block-kadence-column kadence-column11_8bd5c9-4f kb-section-dir-vertical\"><div class=\"kt-inside-inner-col\"><style>.wp-block-kadence-advancedheading.kt-adv-heading11_c8754b-cd, .wp-block-kadence-advancedheading.kt-adv-heading11_c8754b-cd[data-kb-block=\"kb-adv-heading11_c8754b-cd\"]{max-width:1486px;font-style:normal;font-family:var( --global-body-font-family, inherit );}.wp-block-kadence-advancedheading.kt-adv-heading11_c8754b-cd mark.kt-highlight, .wp-block-kadence-advancedheading.kt-adv-heading11_c8754b-cd[data-kb-block=\"kb-adv-heading11_c8754b-cd\"] mark.kt-highlight{font-style:normal;color:#f76a0c;-webkit-box-decoration-break:clone;box-decoration-break:clone;padding-top:0px;padding-right:0px;padding-bottom:0px;padding-left:0px;}.wp-block-kadence-advancedheading.kt-adv-heading11_c8754b-cd img.kb-inline-image, .wp-block-kadence-advancedheading.kt-adv-heading11_c8754b-cd[data-kb-block=\"kb-adv-heading11_c8754b-cd\"] img.kb-inline-image{width:150px;vertical-align:baseline;}<\/style>\n<h2 class=\"kt-adv-heading11_c8754b-cd wp-block-kadence-advancedheading\" data-kb-block=\"kb-adv-heading11_c8754b-cd\"><em><mark style=\"background-color:#73deff7a;color:#850068\" class=\"has-inline-color\">&#8221;Lani on eritt\u00e4in taitava ty\u00f6ss\u00e4\u00e4n. Saat miellytt\u00e4v\u00e4n kokemuksen minimaalisella kivulla ja saat j\u00e4lkihoitoa, mik\u00e4 tarkoittaa, ett\u00e4 ihosi toipuu nopeammin.&#8221;<\/mark><\/em><\/h2>\n\n\n\n<p style=\"font-size:14px\"><mark style=\"background-color:#ffffff99;color:inherit\" class=\"has-inline-color\">\u2014 Tyytyv\u00e4inen asiakas, T4T Beauty<\/mark><\/p>\n\n\n<style>.wp-block-kadence-advancedheading.kt-adv-heading11_usp_h3a, .wp-block-kadence-advancedheading.kt-adv-heading11_usp_h3a[data-kb-block=\"kb-adv-heading11_usp_h3a\"]{font-style:normal;font-family:var( --global-body-font-family, inherit );}.wp-block-kadence-advancedheading.kt-adv-heading11_usp_h3a mark.kt-highlight, .wp-block-kadence-advancedheading.kt-adv-heading11_usp_h3a[data-kb-block=\"kb-adv-heading11_usp_h3a\"] mark.kt-highlight{font-style:normal;color:#f76a0c;-webkit-box-decoration-break:clone;box-decoration-break:clone;padding-top:0px;padding-right:0px;padding-bottom:0px;padding-left:0px;}.wp-block-kadence-advancedheading.kt-adv-heading11_usp_h3a img.kb-inline-image, .wp-block-kadence-advancedheading.kt-adv-heading11_usp_h3a[data-kb-block=\"kb-adv-heading11_usp_h3a\"] img.kb-inline-image{width:150px;vertical-align:baseline;}<\/style>\n<h3 class=\"kt-adv-heading11_usp_h3a wp-block-kadence-advancedheading\" data-kb-block=\"kb-adv-heading11_usp_h3a\"><mark style=\"background-color:#ffffff99;color:inherit\" class=\"has-inline-color\">Miksi T4T Beauty on paras valinta transihmisille?<\/mark><\/h3>\n\n\n\n<p><mark style=\"background-color:#ffffff99;color:inherit\" class=\"has-inline-color\">T4T Beauty on perustettu erityisesti trans- ja muunsukupuolisia asiakkaita varten. Meill\u00e4 sinut kohdataan kunnioittavasti ja oikeilla pronomineilla. Hoitola on turvallinen, syrjim\u00e4t\u00f6n tila, jossa jokainen asiakas on tervetullut sellaisena kuin on.<\/mark><\/p>\n\n\n<style>.wp-block-kadence-advancedheading.kt-adv-heading11_usp_h3b, .wp-block-kadence-advancedheading.kt-adv-heading11_usp_h3b[data-kb-block=\"kb-adv-heading11_usp_h3b\"]{font-style:normal;font-family:var( --global-body-font-family, inherit );}.wp-block-kadence-advancedheading.kt-adv-heading11_usp_h3b mark.kt-highlight, .wp-block-kadence-advancedheading.kt-adv-heading11_usp_h3b[data-kb-block=\"kb-adv-heading11_usp_h3b\"] mark.kt-highlight{font-style:normal;color:#f76a0c;-webkit-box-decoration-break:clone;box-decoration-break:clone;padding-top:0px;padding-right:0px;padding-bottom:0px;padding-left:0px;}.wp-block-kadence-advancedheading.kt-adv-heading11_usp_h3b img.kb-inline-image, .wp-block-kadence-advancedheading.kt-adv-heading11_usp_h3b[data-kb-block=\"kb-adv-heading11_usp_h3b\"] img.kb-inline-image{width:150px;vertical-align:baseline;}<\/style>\n<h3 class=\"kt-adv-heading11_usp_h3b wp-block-kadence-advancedheading\" data-kb-block=\"kb-adv-heading11_usp_h3b\"><mark style=\"background-color:#ffffff99;color:inherit\" class=\"has-inline-color\">Elektrolyysi \u2013 pysyv\u00e4 ratkaisu<\/mark><\/h3>\n\n\n\n<p><mark style=\"background-color:#ffffff99;color:inherit\" class=\"has-inline-color\">Tarjoamme <strong><a href=\"https:\/\/en.wikipedia.org\/wiki\/Electrology\" type=\"link\" id=\"https:\/\/en.wikipedia.org\/wiki\/Electrology\">elektrolyysi\u00e4<\/a><\/strong> \u2013 ainoaa taatusti pysyv\u00e4\u00e4 karvanpoiston menetelm\u00e4\u00e4, joka soveltuu kaikille ihotyypeille ja karvanv\u00e4reille. Lue lis\u00e4\u00e4 palveluistamme ja varaa aikasi helposti verkossa tai chatin kautta.<\/mark><\/p>\n\n\n\n<ul class=\"wp-block-list\">\n<li><mark style=\"background-color:#ffffff99;color:inherit\" class=\"has-inline-color\">\u2713 Trans- ja muunsukupuolisiin erikoistunut hoitola<\/mark><\/li>\n\n\n\n<li><mark style=\"background-color:#ffffff99;color:inherit\" class=\"has-inline-color\">\u2713 Turvallinen ja yksityinen hoitoymp\u00e4rist\u00f6<\/mark><\/li>\n\n\n\n<li><mark style=\"background-color:#ffffff99;color:inherit\" class=\"has-inline-color\">\u2713 Pysyv\u00e4 tulos elektrolyysill\u00e4<\/mark><\/li>\n\n\n\n<li><mark style=\"background-color:#ffffff99;color:inherit\" class=\"has-inline-color\">\u2713 Sopii kaikille ihotyypeille ja karvanv\u00e4reille<\/mark><\/li>\n\n\n\n<li><mark style=\"background-color:#ffffff99;color:inherit\" class=\"has-inline-color\">\u2713 Helppo ajanvaraus verkossa tai chatin kautta<\/mark><\/li>\n<\/ul>\n<\/div><\/div>\n\n<\/div><\/div>\n\n\n<p><\/p>\n","protected":false},"excerpt":{"rendered":"<p>Karvanpoisto transihmisille \u2013 turvallinen tila, asiantunteva k\u00e4si Tervetuloa T4T Beauty:lle \u2013 kauneushoitolaan, joka on erikoistunut trans- ja muunsukupuolisten asiakkaiden karvanpoistoon. Tarjoamme ammattitaitoista ja turvallista karvanpoistoa. Tutustu palveluihimme ja varaa aika \u2013 tai kysy lis\u00e4\u00e4 chatin kautta. &#8221;Lani on eritt\u00e4in taitava ty\u00f6ss\u00e4\u00e4n. Saat miellytt\u00e4v\u00e4n kokemuksen minimaalisella kivulla ja saat j\u00e4lkihoitoa, mik\u00e4 tarkoittaa, ett\u00e4 ihosi toipuu nopeammin.&#8221;&#8230;<\/p>","protected":false},"author":1,"featured_media":1001,"parent":0,"menu_order":0,"comment_status":"closed","ping_status":"closed","template":"","meta":{"_kad_post_transparent":"","_kad_post_title":"hide","_kad_post_layout":"fullwidth","_kad_post_sidebar_id":"","_kad_post_content_style":"unboxed","_kad_post_vertical_padding":"hide","_kad_post_feature":"hide","_kad_post_feature_position":"","_kad_post_header":false,"_kad_post_footer":false,"_kad_post_classname":"","slim_seo":{"title":"karvanpoisto elektrolyysi neulaepilaatio helsinki vantaa","description":"T4T Beauty karvanpoisto elektrolyysi neulaepilaatio Helsinki. . Transyst\u00e4v\u00e4llinen kauneushoitola Vantaa\u2013 transihmisilt\u00e4 transihmisille."},"footnotes":""},"class_list":["post-11","page","type-page","status-publish","has-post-thumbnail","hentry"],"_links":{"self":[{"href":"https:\/\/t4tbeauty.fi\/en\/wp-json\/wp\/v2\/pages\/11","targetHints":{"allow":["GET"]}}],"collection":[{"href":"https:\/\/t4tbeauty.fi\/en\/wp-json\/wp\/v2\/pages"}],"about":[{"href":"https:\/\/t4tbeauty.fi\/en\/wp-json\/wp\/v2\/types\/page"}],"author":[{"embeddable":true,"href":"https:\/\/t4tbeauty.fi\/en\/wp-json\/wp\/v2\/users\/1"}],"replies":[{"embeddable":true,"href":"https:\/\/t4tbeauty.fi\/en\/wp-json\/wp\/v2\/comments?post=11"}],"version-history":[{"count":66,"href":"https:\/\/t4tbeauty.fi\/en\/wp-json\/wp\/v2\/pages\/11\/revisions"}],"predecessor-version":[{"id":1003,"href":"https:\/\/t4tbeauty.fi\/en\/wp-json\/wp\/v2\/pages\/11\/revisions\/1003"}],"wp:featuredmedia":[{"embeddable":true,"href":"https:\/\/t4tbeauty.fi\/en\/wp-json\/wp\/v2\/media\/1001"}],"wp:attachment":[{"href":"https:\/\/t4tbeauty.fi\/en\/wp-json\/wp\/v2\/media?parent=11"}],"curies":[{"name":"wp","href":"https:\/\/api.w.org\/{rel}","templated":true}]}}